{"id":39,"date":"2023-06-28T10:35:51","date_gmt":"2023-06-28T08:35:51","guid":{"rendered":"https:\/\/zakoleczarnejhanczy.majcher.me\/pricing\/"},"modified":"2026-01-24T13:44:41","modified_gmt":"2026-01-24T12:44:41","slug":"pricing","status":"publish","type":"page","link":"https:\/\/zakoleczarnejhanczy.pl\/en\/pricing\/","title":{"rendered":"Pricing"},"content":{"rendered":"<div class=\"gHero \">\n    <div class=\"gHero__imgWrapper\">\n        <img loading=\"lazy\" decoding=\"async\" width=\"2000\" height=\"500\" src=\"https:\/\/zakoleczarnejhanczy.pl\/wp-content\/uploads\/2023\/07\/zakole-czarnej-hanczy-hero-3.jpg\" class=\"gHero__img\" alt=\"\" id=\"zakole-czarnej-hanczy-hero-3\" srcset=\"https:\/\/zakoleczarnejhanczy.pl\/wp-content\/uploads\/2023\/07\/zakole-czarnej-hanczy-hero-3.jpg 2000w, https:\/\/zakoleczarnejhanczy.pl\/wp-content\/uploads\/2023\/07\/zakole-czarnej-hanczy-hero-3-300x75.jpg 300w, https:\/\/zakoleczarnejhanczy.pl\/wp-content\/uploads\/2023\/07\/zakole-czarnej-hanczy-hero-3-1024x256.jpg 1024w, https:\/\/zakoleczarnejhanczy.pl\/wp-content\/uploads\/2023\/07\/zakole-czarnej-hanczy-hero-3-768x192.jpg 768w, https:\/\/zakoleczarnejhanczy.pl\/wp-content\/uploads\/2023\/07\/zakole-czarnej-hanczy-hero-3-1536x384.jpg 1536w, https:\/\/zakoleczarnejhanczy.pl\/wp-content\/uploads\/2023\/07\/zakole-czarnej-hanczy-hero-3-100x25.jpg 100w, https:\/\/zakoleczarnejhanczy.pl\/wp-content\/uploads\/2023\/07\/zakole-czarnej-hanczy-hero-3-160x40.jpg 160w, https:\/\/zakoleczarnejhanczy.pl\/wp-content\/uploads\/2023\/07\/zakole-czarnej-hanczy-hero-3-600x150.jpg 600w\" sizes=\"auto, (max-width: 2000px) 100vw, 2000px\" \/>\n    <\/div>\n    <div class=\"gHero__contentWrapper container\">\n        <div class=\"gHero__title\"><h1 class=\"h1\">Price list for 2026<\/h1><\/div>\n            <\/div>\n<\/div>\n\n<div style=\"height:80px\" aria-hidden=\"true\" class=\"wp-block-spacer\"><\/div>\n\n<div id=\"sezon-wysoki\" class=\"wp-block-group container container--narrow\"><div class=\"wp-block-group__inner-container is-layout-constrained wp-block-group-is-layout-constrained\">\n<p><\/p>\n\n\n\n<h2 class=\"wp-block-heading h2\">High season<\/h2>\n\n\n\n<p><em>Easter, May weekend, Corpus Christi, holidays<\/em><\/p>\n\n\n\n<div style=\"height:30px\" aria-hidden=\"true\" class=\"wp-block-spacer\"><\/div>\n\n\n\n<figure class=\"wp-block-table tableSpecial1\"><table><thead><tr><th><\/th><th class=\"has-text-align-center\" data-align=\"center\">Number of people<\/th><th class=\"has-text-align-center\" data-align=\"center\">Price<\/th><\/tr><\/thead><tbody><tr><td>House Smolarnia<\/td><td class=\"has-text-align-center\" data-align=\"center\">4<\/td><td class=\"has-text-align-center\" data-align=\"center\"><strong>450 z\u0142<\/strong><\/td><\/tr><tr><td>House Bar\u0107<\/td><td class=\"has-text-align-center\" data-align=\"center\">4<\/td><td class=\"has-text-align-center\" data-align=\"center\"><strong>450 z\u0142<\/strong><\/td><\/tr><tr><td>House Binduga<\/td><td class=\"has-text-align-center\" data-align=\"center\">4 \/ 5 \/ 6<\/td><td class=\"has-text-align-center\" data-align=\"center\"><strong>550 z\u0142 \/ 600 z\u0142 \/ 650 z\u0142<\/strong><\/td><\/tr><\/tbody><\/table><\/figure>\n\n\n\n<div style=\"height:10px\" aria-hidden=\"true\" class=\"wp-block-spacer\"><\/div>\n\n\n\n<ul class=\"wp-block-list listDisc\">\n<li><em>During the holiday season, houses and apartments are rented from Saturday to Saturday.<\/em><\/li>\n<\/ul>\n<\/div><\/div>\n\n<div style=\"height:80px\" aria-hidden=\"true\" class=\"wp-block-spacer\"><\/div>\n\n<div id=\"sezon-niski\" class=\"wp-block-group container container--narrow\"><div class=\"wp-block-group__inner-container is-layout-constrained wp-block-group-is-layout-constrained\">\n<p><\/p>\n\n\n\n<h2 class=\"wp-block-heading h2\">Low season<\/h2>\n\n\n\n<p><em>April, May, June, September, October, November<\/em><\/p>\n\n\n\n<div style=\"height:30px\" aria-hidden=\"true\" class=\"wp-block-spacer\"><\/div>\n\n\n\n<figure class=\"wp-block-table tableSpecial1\"><table><thead><tr><th><\/th><th class=\"has-text-align-center\" data-align=\"center\">Number of people<\/th><th class=\"has-text-align-center\" data-align=\"center\">Price<\/th><\/tr><\/thead><tbody><tr><td>House Smolarnia<\/td><td class=\"has-text-align-center\" data-align=\"center\">2<\/td><td class=\"has-text-align-center\" data-align=\"center\"><strong>350 z\u0142<\/strong><\/td><\/tr><tr><td>House Bar\u0107<\/td><td class=\"has-text-align-center\" data-align=\"center\">2<\/td><td class=\"has-text-align-center\" data-align=\"center\"><strong>350 z\u0142<\/strong><\/td><\/tr><tr><td>House Binduga<\/td><td class=\"has-text-align-center\" data-align=\"center\">2<\/td><td class=\"has-text-align-center\" data-align=\"center\"><strong>450 z\u0142<\/strong><\/td><\/tr><\/tbody><\/table><\/figure>\n\n\n\n<div style=\"height:10px\" aria-hidden=\"true\" class=\"wp-block-spacer\"><\/div>\n\n\n\n<ul class=\"wp-block-list listDisc\">\n<li><em>In the low season, each additional person in the house or apartment PLN 50<\/em><\/li>\n\n\n\n<li><em>In the off-season, houses and apartments are rented for a minimum of two days.<\/em><\/li>\n<\/ul>\n<\/div><\/div>\n\n<div style=\"height:80px\" aria-hidden=\"true\" class=\"wp-block-spacer\"><\/div>\n\n<div class=\"wp-block-group container\"><div class=\"wp-block-group__inner-container is-layout-constrained wp-block-group-is-layout-constrained\">\n<h2 class=\"wp-block-heading h2\">Informations<\/h2>\n\n\n\n<div style=\"height:40px\" aria-hidden=\"true\" class=\"wp-block-spacer\"><\/div>\n\n\n\n    <div class=\"gIcons1 \">\n                    <div class=\"gIcons1__item\">\n                <div class=\"gIcons1__imgWrapper\">\n                    <img decoding=\"async\" src=\"https:\/\/zakoleczarnejhanczy.pl\/wp-content\/uploads\/2023\/06\/ikona-1.svg\" class=\"gIcons1__img\" alt=\"\" id=\"ikona-1\" \/>\n                <\/div>\n                <div class=\"gIcons1__contentWrapper\">\n                                                                <div class=\"gIcons1__content\">The hotel day lasts from 16:00 on the day of arrival until 11:00 on the day of departure.<\/div>\n                                    <\/div>\n            <\/div>\n                    <div class=\"gIcons1__item\">\n                <div class=\"gIcons1__imgWrapper\">\n                    <img decoding=\"async\" src=\"https:\/\/zakoleczarnejhanczy.pl\/wp-content\/uploads\/2023\/06\/ikona-2.svg\" class=\"gIcons1__img\" alt=\"\" id=\"ikona-2\" \/>\n                <\/div>\n                <div class=\"gIcons1__contentWrapper\">\n                                                                <div class=\"gIcons1__content\">Settlement takes place on the first day of stay.<\/div>\n                                    <\/div>\n            <\/div>\n                    <div class=\"gIcons1__item\">\n                <div class=\"gIcons1__imgWrapper\">\n                    <img decoding=\"async\" src=\"https:\/\/zakoleczarnejhanczy.pl\/wp-content\/uploads\/2023\/06\/ikona-3.svg\" class=\"gIcons1__img\" alt=\"\" id=\"ikona-3\" \/>\n                <\/div>\n                <div class=\"gIcons1__contentWrapper\">\n                                                                <div class=\"gIcons1__content\">Possibility to&nbsp;use bicycles (for guests of the habitat free of charge).<\/div>\n                                    <\/div>\n            <\/div>\n                    <div class=\"gIcons1__item\">\n                <div class=\"gIcons1__imgWrapper\">\n                    <img decoding=\"async\" src=\"https:\/\/zakoleczarnejhanczy.pl\/wp-content\/uploads\/2023\/06\/ikona-4.svg\" class=\"gIcons1__img\" alt=\"\" id=\"ikona-4\" \/>\n                <\/div>\n                <div class=\"gIcons1__contentWrapper\">\n                                                                <div class=\"gIcons1__content\">We accept pets by prior arrangement.<\/div>\n                                    <\/div>\n            <\/div>\n            <\/div>\n<\/div><\/div>\n\n<div style=\"height:80px\" aria-hidden=\"true\" class=\"wp-block-spacer\"><\/div>\n\n<div id=\"rezerwacja\" class=\"wp-block-group container has-scroll-offset-50\"><div class=\"wp-block-group__inner-container is-layout-constrained wp-block-group-is-layout-constrained\">\n<h2 class=\"wp-block-heading has-text-align-center h2\">Quick booking of a house or apartment<\/h2>\n\n\n\n<div style=\"height:40px\" aria-hidden=\"true\" class=\"wp-block-spacer\"><\/div>\n\n\n\n<div id=\"widgetHolder_z687dkv5s\"><\/div> <script> (function (w, d, s, o, f, js, fjs) { if (w[o]) return; w['BB-Widget'] = o; w[o] = w[o] || function () { (w[o].q = w[o].q || []).push(arguments) }; js = d.createElement(s), fjs = d.getElementsByTagName(s)[0]; js.id = o; js.src = f; js.async = 1; fjs.parentNode.insertBefore(js, fjs); }(window, document, 'script', 'w1', 'https:\/\/bed-booking.com\/widget\/widget.js')); w1('init', {targetElementId: 'widgetHolder_z687dkv5s',widgetId: '776d4a111a8c12f23482bf3bcfedf0bb0f212f33', type:'simple', staticWidget: 1}) <\/script>\n<\/div><\/div>\n","protected":false},"excerpt":{"rendered":"<p>High season Easter, May weekend, Corpus Christi, holidays Number of people Price House Smolarnia 4 450 z\u0142 House Bar\u0107 4 450 z\u0142 House Binduga 4 \/ 5 \/ 6 550 z\u0142 \/ 600 z\u0142 \/ 650 z\u0142 Low season April, May, June, September, October, November Number of people Price House Smolarnia 2 350 z\u0142 House [&hellip;]<\/p>\n","protected":false},"author":1,"featured_media":0,"parent":0,"menu_order":0,"comment_status":"closed","ping_status":"closed","template":"","meta":{"_acf_changed":false,"footnotes":""},"class_list":["post-39","page","type-page","status-publish","hentry"],"acf":[],"_links":{"self":[{"href":"https:\/\/zakoleczarnejhanczy.pl\/en\/wp-json\/wp\/v2\/pages\/39","targetHints":{"allow":["GET"]}}],"collection":[{"href":"https:\/\/zakoleczarnejhanczy.pl\/en\/wp-json\/wp\/v2\/pages"}],"about":[{"href":"https:\/\/zakoleczarnejhanczy.pl\/en\/wp-json\/wp\/v2\/types\/page"}],"author":[{"embeddable":true,"href":"https:\/\/zakoleczarnejhanczy.pl\/en\/wp-json\/wp\/v2\/users\/1"}],"replies":[{"embeddable":true,"href":"https:\/\/zakoleczarnejhanczy.pl\/en\/wp-json\/wp\/v2\/comments?post=39"}],"version-history":[{"count":12,"href":"https:\/\/zakoleczarnejhanczy.pl\/en\/wp-json\/wp\/v2\/pages\/39\/revisions"}],"predecessor-version":[{"id":479,"href":"https:\/\/zakoleczarnejhanczy.pl\/en\/wp-json\/wp\/v2\/pages\/39\/revisions\/479"}],"wp:attachment":[{"href":"https:\/\/zakoleczarnejhanczy.pl\/en\/wp-json\/wp\/v2\/media?parent=39"}],"curies":[{"name":"wp","href":"https:\/\/api.w.org\/{rel}","templated":true}]}}